{"id":62,"date":"2016-01-06T16:50:50","date_gmt":"2016-01-06T16:50:50","guid":{"rendered":"http:\/\/localhost\/equilibrio\/?page_id=62"},"modified":"2019-02-28T01:41:10","modified_gmt":"2019-02-28T01:41:10","slug":"contato","status":"publish","type":"page","link":"https:\/\/www.equilibriosjp.com.br\/site\/contato\/","title":{"rendered":"Contato"},"content":{"rendered":"<p>Atendimento de segunda-feira a sexta-feira<br \/>\n07:00h \u00e0s 20:30h<br \/>\n<br \/>\nS\u00e1bados<br \/>\n08:00h \u00e0s 12:00h<br \/>\n<br \/>\nEntre em contato conosco atrav\u00e9s do formul\u00e1rio abaixo:<br \/>\n<br \/>\n<div role=\"form\" class=\"wpcf7\" id=\"wpcf7-f61-o1\" lang=\"pt-BR\" dir=\"ltr\">\n<div class=\"screen-reader-response\"><\/div>\n<form action=\"\/site\/wp-json\/wp\/v2\/pages\/62#wpcf7-f61-o1\" method=\"post\" class=\"wpcf7-form\" novalidate=\"novalidate\">\n<div style=\"display: none;\">\n<input type=\"hidden\" name=\"_wpcf7\" value=\"61\" \/>\n<input type=\"hidden\" name=\"_wpcf7_version\" value=\"5.0.4\" \/>\n<input type=\"hidden\" name=\"_wpcf7_locale\" value=\"pt_BR\" \/>\n<input type=\"hidden\" name=\"_wpcf7_unit_tag\" value=\"wpcf7-f61-o1\" \/>\n<input type=\"hidden\" name=\"_wpcf7_container_post\" value=\"0\" \/>\n<\/div>\n<div id=formulario style=\"width:100%;\">\n<b style=\"color:#46b08a\">Nome(obrigat\u00f3rio)<\/b><br \/>\n    <span class=\"wpcf7-form-control-wrap Nome\"><input type=\"text\" name=\"Nome\" value=\"\" size=\"40\" class=\"wpcf7-form-control wpcf7-text wpcf7-validates-as-required\" id=\"campo1\" aria-required=\"true\" aria-invalid=\"false\" \/><\/span> <\/p>\n<p><b style=\"color:#46b08a\">E-mail (obrigat\u00f3rio)<\/b><br \/>\n    <span class=\"wpcf7-form-control-wrap Email\"><input type=\"email\" name=\"Email\" value=\"\" size=\"40\" class=\"wpcf7-form-control wpcf7-text wpcf7-email wpcf7-validates-as-required wpcf7-validates-as-email\" id=\"campo1\" aria-required=\"true\" aria-invalid=\"false\" \/><\/span> <\/p>\n<p><b style=\"color:#46b08a\">Telefone<\/b><br \/>\n    <span class=\"wpcf7-form-control-wrap Telefone\"><input type=\"tel\" name=\"Telefone\" value=\"\" size=\"40\" class=\"wpcf7-form-control wpcf7-text wpcf7-tel wpcf7-validates-as-tel\" id=\"campo1\" aria-invalid=\"false\" placeholder=\"(xx) xxxx-xxxx\" \/><\/span> <\/p>\n<p><b style=\"color:#46b08a\">Assunto<\/b><br \/>\n    <span class=\"wpcf7-form-control-wrap Assunto\"><input type=\"text\" name=\"Assunto\" value=\"\" size=\"40\" class=\"wpcf7-form-control wpcf7-text\" id=\"campo1\" aria-invalid=\"false\" \/><\/span> <\/p>\n<p><b style=\"color:#46b08a\">Mensagem<\/b><br \/>\n    <span class=\"wpcf7-form-control-wrap Mensagem\"><textarea name=\"Mensagem\" cols=\"40\" rows=\"10\" class=\"wpcf7-form-control wpcf7-textarea\" id=\"campo2\" aria-invalid=\"false\"><\/textarea><\/span> <\/p>\n<p><input type=\"submit\" value=\"Enviar\" class=\"wpcf7-form-control wpcf7-submit\" \/><\/p>\n<\/div>\n<div class=\"wpcf7-response-output wpcf7-display-none\"><\/div><\/form><\/div><\/p>\n","protected":false},"excerpt":{"rendered":"<p>Atendimento de segunda-feira a sexta-feira 07:00h \u00e0s 20:30h S\u00e1bados 08:00h \u00e0s 12:00h Entre em contato conosco atrav\u00e9s do formul\u00e1rio abaixo:<\/p>\n","protected":false},"author":1,"featured_media":0,"parent":0,"menu_order":0,"comment_status":"closed","ping_status":"closed","template":"","meta":{"footnotes":""},"class_list":["post-62","page","type-page","status-publish","hentry"],"_links":{"self":[{"href":"https:\/\/www.equilibriosjp.com.br\/site\/wp-json\/wp\/v2\/pages\/62","targetHints":{"allow":["GET"]}}],"collection":[{"href":"https:\/\/www.equilibriosjp.com.br\/site\/wp-json\/wp\/v2\/pages"}],"about":[{"href":"https:\/\/www.equilibriosjp.com.br\/site\/wp-json\/wp\/v2\/types\/page"}],"author":[{"embeddable":true,"href":"https:\/\/www.equilibriosjp.com.br\/site\/wp-json\/wp\/v2\/users\/1"}],"replies":[{"embeddable":true,"href":"https:\/\/www.equilibriosjp.com.br\/site\/wp-json\/wp\/v2\/comments?post=62"}],"version-history":[{"count":8,"href":"https:\/\/www.equilibriosjp.com.br\/site\/wp-json\/wp\/v2\/pages\/62\/revisions"}],"predecessor-version":[{"id":266,"href":"https:\/\/www.equilibriosjp.com.br\/site\/wp-json\/wp\/v2\/pages\/62\/revisions\/266"}],"wp:attachment":[{"href":"https:\/\/www.equilibriosjp.com.br\/site\/wp-json\/wp\/v2\/media?parent=62"}],"curies":[{"name":"wp","href":"https:\/\/api.w.org\/{rel}","templated":true}]}}