{"id":332,"date":"2023-08-21T01:47:08","date_gmt":"2023-08-21T01:47:08","guid":{"rendered":"http:\/\/www.equilibriosjp.com.br\/site\/?page_id=332"},"modified":"2023-08-21T02:15:20","modified_gmt":"2023-08-21T02:15:20","slug":"trabalhe-conosco","status":"publish","type":"page","link":"https:\/\/www.equilibriosjp.com.br\/site\/trabalhe-conosco\/","title":{"rendered":"Trabalhe Conosco"},"content":{"rendered":"\n<p>Ol\u00e1! Voc\u00ea gostaria de fazer parte da nossa equipe?<\/p>\n\n\n\n<p>Preencha o formul\u00e1rio abaixo e nos envie o seu curr\u00edculo!<\/p>\n\n\n\n<h2 class=\"wp-block-heading\"><\/h2>\n\n\n<div role=\"form\" class=\"wpcf7\" id=\"wpcf7-f337-o1\" lang=\"pt-BR\" dir=\"ltr\">\n<div class=\"screen-reader-response\"><\/div>\n<form action=\"\/site\/wp-json\/wp\/v2\/pages\/332#wpcf7-f337-o1\" method=\"post\" class=\"wpcf7-form\" enctype=\"multipart\/form-data\" novalidate=\"novalidate\">\n<div style=\"display: none;\">\n<input type=\"hidden\" name=\"_wpcf7\" value=\"337\" \/>\n<input type=\"hidden\" name=\"_wpcf7_version\" value=\"5.0.4\" \/>\n<input type=\"hidden\" name=\"_wpcf7_locale\" value=\"pt_BR\" \/>\n<input type=\"hidden\" name=\"_wpcf7_unit_tag\" value=\"wpcf7-f337-o1\" \/>\n<input type=\"hidden\" name=\"_wpcf7_container_post\" value=\"0\" \/>\n<\/div>\n<div id=formulario style=\"width:100%;\">\n<p><label><b style=\"color:#46b08a\">Nome (obrigat\u00f3rio)<\/color><\/b><br \/>\n<span class=\"wpcf7-form-control-wrap Nome\"><input type=\"text\" name=\"Nome\" value=\"\" size=\"40\" class=\"wpcf7-form-control wpcf7-text wpcf7-validates-as-required\" id=\"campo1\" aria-required=\"true\" aria-invalid=\"false\" \/><\/span> <\/label><\/p>\n<p><label><b style=\"color:#46b08a\">E-mail (obrigat\u00f3rio)<\/b><br \/>\n<span class=\"wpcf7-form-control-wrap Email\"><input type=\"email\" name=\"Email\" value=\"\" size=\"40\" class=\"wpcf7-form-control wpcf7-text wpcf7-email wpcf7-validates-as-required wpcf7-validates-as-email\" id=\"campo1\" aria-required=\"true\" aria-invalid=\"false\" \/><\/span> <\/label><\/p>\n<p><label><b style=\"color:#46b08a\">Telefone<\/b><br \/>\n<span class=\"wpcf7-form-control-wrap Telefone\"><input type=\"tel\" name=\"Telefone\" value=\"\" size=\"40\" class=\"wpcf7-form-control wpcf7-text wpcf7-tel wpcf7-validates-as-required wpcf7-validates-as-tel\" id=\"campo1\" aria-required=\"true\" aria-invalid=\"false\" placeholder=\"(xx) x xxxx-xxxx\" \/><\/span><br \/>\n<br><\/p>\n<p><label><b style=\"color:#46b08a\">Adicione o seu curr\u00edculo aqui:<\/b><br \/>\n<span class=\"wpcf7-form-control-wrap file-399\"><input type=\"file\" name=\"file-399\" size=\"40\" class=\"wpcf7-form-control wpcf7-file\" accept=\".pdf,.doc,.docx,.ppt,.jpg\" aria-invalid=\"false\" \/><\/span><\/p>\n<p><br><\/p>\n<p><input type=\"submit\" value=\"Enviar\" class=\"wpcf7-form-control wpcf7-submit\" \/><\/p>\n<\/div>\n<div class=\"wpcf7-response-output wpcf7-display-none\"><\/div><\/form><\/div>","protected":false},"excerpt":{"rendered":"<p>Ol\u00e1! Voc\u00ea gostaria de fazer parte da nossa equipe? Preencha o formul\u00e1rio abaixo e nos envie o seu curr\u00edculo!<\/p>\n","protected":false},"author":1,"featured_media":0,"parent":0,"menu_order":0,"comment_status":"closed","ping_status":"closed","template":"","meta":{"footnotes":""},"class_list":["post-332","page","type-page","status-publish","hentry"],"_links":{"self":[{"href":"https:\/\/www.equilibriosjp.com.br\/site\/wp-json\/wp\/v2\/pages\/332","targetHints":{"allow":["GET"]}}],"collection":[{"href":"https:\/\/www.equilibriosjp.com.br\/site\/wp-json\/wp\/v2\/pages"}],"about":[{"href":"https:\/\/www.equilibriosjp.com.br\/site\/wp-json\/wp\/v2\/types\/page"}],"author":[{"embeddable":true,"href":"https:\/\/www.equilibriosjp.com.br\/site\/wp-json\/wp\/v2\/users\/1"}],"replies":[{"embeddable":true,"href":"https:\/\/www.equilibriosjp.com.br\/site\/wp-json\/wp\/v2\/comments?post=332"}],"version-history":[{"count":5,"href":"https:\/\/www.equilibriosjp.com.br\/site\/wp-json\/wp\/v2\/pages\/332\/revisions"}],"predecessor-version":[{"id":343,"href":"https:\/\/www.equilibriosjp.com.br\/site\/wp-json\/wp\/v2\/pages\/332\/revisions\/343"}],"wp:attachment":[{"href":"https:\/\/www.equilibriosjp.com.br\/site\/wp-json\/wp\/v2\/media?parent=332"}],"curies":[{"name":"wp","href":"https:\/\/api.w.org\/{rel}","templated":true}]}}